{"id":80,"date":"2015-01-25T15:27:39","date_gmt":"2015-01-25T15:27:39","guid":{"rendered":"http:\/\/lionsclub-svac.org\/?page_id=80"},"modified":"2017-05-26T10:43:38","modified_gmt":"2017-05-26T10:43:38","slug":"nos-actions","status":"publish","type":"page","link":"http:\/\/lionsclub-svac.org\/?page_id=80","title":{"rendered":"Nos actions et manifestations"},"content":{"rendered":"<p>Le Lions Club de S\u00e8vres Ville d&rsquo;Avray organise de nombreux \u00e9v\u00e9nements au profit des oeuvres qu&rsquo;il soutient : la vue, la lutte contre le cancer, la faim. Nous sommes particuli\u00e8rement attach\u00e9s \u00e0 soutenir l\u2019enfance handicap\u00e9e.<\/p>\n<p>Nous organisons notamment des diaporamas et concerts de musique classique de grande qualit\u00e9. Rendez-vous dans la rubrique \u00ab\u00a0<a href=\"http:\/\/lionsclub-svac.org\/?cat=9\">Actualit\u00e9s<\/a>\u00a0\u00bb pour conna\u00eetre nos \u00e9v\u00e9nements pass\u00e9s ou \u00e0 venir, et inscrivez-vous !<\/p>\n<p>Nous soutenons ainsi\u00a0:<\/p>\n<ul>\n<li><strong><em><u>L\u2019APEI de S\u00e8vres, Chaville et Ville d\u2019Avray<\/u><\/em><\/strong>\u00a0: nous\u00a0soutenons cette institution qui accompagne\u00a0les familles d\u2019enfants handicap\u00e9s en proposant un accueil de jour et des installations adapt\u00e9es ;<\/li>\n<\/ul>\n<p>&nbsp;<\/p>\n<ul>\n<li><strong><em>L\u2019Institut M\u00e9dico-P\u00e9dagogique Les Amis de Laurence<\/em><\/strong><em> \u00e0 Paris 75014<\/em> (financement d&rsquo;installations sp\u00e9cifiques) ;<\/li>\n<\/ul>\n<p>&nbsp;<\/p>\n<ul>\n<li>A Cotonou au B\u00e9nin, nous assurons les frais de scolarit\u00e9 pour deux enfants sourds-muets depuis plusieurs ann\u00e9es, la r\u00e9fection d\u2019une \u00e9cole et l\u2019installation d\u2019une maternit\u00e9.<\/li>\n<\/ul>\n<p>&nbsp;<\/p>\n<p>Nous organisons et\/ou participons \u00e0 des manifestations afin de collecter des fonds, notamment\u00a0:<\/p>\n<p>&nbsp;<\/p>\n<ul>\n<li><strong>Stand de restauration \u00e0 la f\u00eate annuelle de Ville d\u2019Avray, <\/strong>au profit de l\u2019enfance handicap\u00e9e.<\/li>\n<\/ul>\n<p>&nbsp;<\/p>\n<ul>\n<li><strong>Concert annuel de musique classique<\/strong> donn\u00e9 par de jeunes \u00e9l\u00e8ves des Conservatoires de Musique de Ville d\u2019Avray et Paris, <a href=\"http:\/\/lionsclub-svac.org\/?p=145\"><strong>conf\u00e9rences et diaporamas<\/strong><\/a> au profit de la vue dans les pays du tiers-monde, etc\u2026<\/li>\n<\/ul>\n<p>&nbsp;<\/p>\n<ul>\n<li><strong>Collecte de denr\u00e9es alimentaires<\/strong> <strong>\/ Banque Alimentaire<\/strong> au profit de l\u2019\u00e9picerie solidaire de S\u00e8vres (Le Relais S\u00e9vrien)<\/li>\n<\/ul>\n<p>&nbsp;<\/p>\n<ul>\n<li><strong>Des Tulipes Contre le Cancer<\/strong> (vente de Tulipes au profit de personnes atteintes par la maladie)<\/li>\n<\/ul>\n<p>&nbsp;<\/p>\n<ul>\n<li><strong>Recueil des promesses de dons au profit du T\u00e9l\u00e9thon<\/strong> (<a href=\"http:\/\/www.afm-telethon.fr\/lions-clubs-international-1687\">nos membres r\u00e9pondent par t\u00e9l\u00e9phone aux donateurs au 3637\u00a0!<\/a>)<\/li>\n<\/ul>\n<p>&nbsp;<\/p>\n<ul>\n<li><strong>Nous soutenons par des dons des actions ophtalmologiques en Afrique<\/strong>, et bien d\u2019autres choses encore\u2026<\/li>\n<\/ul>\n<p>&nbsp;<\/p>\n<div id=\"attachment_114\" style=\"width: 310px\" class=\"wp-caption aligncenter\"><a href=\"http:\/\/lionsclub-svac.org\/wp-content\/uploads\/2015\/02\/IMG-20150223-WA0018.jpg\"><img aria-describedby=\"caption-attachment-114\" decoding=\"async\" loading=\"lazy\" class=\"size-medium wp-image-114\" src=\"http:\/\/lionsclub-svac.org\/wp-content\/uploads\/2015\/02\/IMG-20150223-WA0018-300x225.jpg\" alt=\"\" width=\"300\" height=\"225\" srcset=\"http:\/\/lionsclub-svac.org\/wp-content\/uploads\/2015\/02\/IMG-20150223-WA0018-300x225.jpg 300w, http:\/\/lionsclub-svac.org\/wp-content\/uploads\/2015\/02\/IMG-20150223-WA0018-1024x767.jpg 1024w, http:\/\/lionsclub-svac.org\/wp-content\/uploads\/2015\/02\/IMG-20150223-WA0018.jpg 1280w\" sizes=\"(max-width: 300px) 100vw, 300px\" \/><\/a><p id=\"caption-attachment-114\" class=\"wp-caption-text\">Rencontre avec le club de Cotonou les oliviers au B\u00e9nin.<\/p><\/div>\n<p>&nbsp;<\/p>\n","protected":false},"excerpt":{"rendered":"<p>Le Lions Club de S\u00e8vres Ville d&rsquo;Avray organise de nombreux \u00e9v\u00e9nements au profit des oeuvres qu&rsquo;il soutient : la vue, la lutte contre le cancer, la faim. Nous sommes particuli\u00e8rement attach\u00e9s \u00e0 soutenir l\u2019enfance handicap\u00e9e. Nous organisons notamment des diaporamas<span class=\"ellipsis\">&hellip;<\/span><\/p>\n<div class=\"read-more\"><a href=\"http:\/\/lionsclub-svac.org\/?page_id=80\">Lire la suite &#8250;<\/a><\/div>\n<p><!-- end of .read-more --><\/p>\n","protected":false},"author":1,"featured_media":0,"parent":0,"menu_order":0,"comment_status":"closed","ping_status":"closed","template":"","meta":{"ngg_post_thumbnail":0},"_links":{"self":[{"href":"http:\/\/lionsclub-svac.org\/index.php?rest_route=\/wp\/v2\/pages\/80"}],"collection":[{"href":"http:\/\/lionsclub-svac.org\/index.php?rest_route=\/wp\/v2\/pages"}],"about":[{"href":"http:\/\/lionsclub-svac.org\/index.php?rest_route=\/wp\/v2\/types\/page"}],"author":[{"embeddable":true,"href":"http:\/\/lionsclub-svac.org\/index.php?rest_route=\/wp\/v2\/users\/1"}],"replies":[{"embeddable":true,"href":"http:\/\/lionsclub-svac.org\/index.php?rest_route=%2Fwp%2Fv2%2Fcomments&post=80"}],"version-history":[{"count":18,"href":"http:\/\/lionsclub-svac.org\/index.php?rest_route=\/wp\/v2\/pages\/80\/revisions"}],"predecessor-version":[{"id":258,"href":"http:\/\/lionsclub-svac.org\/index.php?rest_route=\/wp\/v2\/pages\/80\/revisions\/258"}],"wp:attachment":[{"href":"http:\/\/lionsclub-svac.org\/index.php?rest_route=%2Fwp%2Fv2%2Fmedia&parent=80"}],"curies":[{"name":"wp","href":"https:\/\/api.w.org\/{rel}","templated":true}]}}