{"id":36,"date":"2014-12-09T23:54:55","date_gmt":"2014-12-09T23:54:55","guid":{"rendered":"http:\/\/lionsclub-svac.org\/?page_id=36"},"modified":"2021-11-26T11:01:12","modified_gmt":"2021-11-26T11:01:12","slug":"bienvenue","status":"publish","type":"page","link":"http:\/\/lionsclub-svac.org\/","title":{"rendered":"Bienvenue sur notre site !"},"content":{"rendered":"<div id=\"metaslider-id-30\" style=\"width: 100%; margin: 0 auto;\" class=\"ml-slider-3-23-4 metaslider metaslider-flex metaslider-30 ml-slider\">\n    <div id=\"metaslider_container_30\">\n        <div id=\"metaslider_30\" class=\"flexslider\">\n            <ul aria-live=\"polite\" class=\"slides\">\n                <li style=\"display: none; width: 100%;\" class=\"slide-331 ms-image\"><a href=\"http:\/\/lionsclub-svac.org\/?p=330\" target=\"_self\"><img src=\"http:\/\/lionsclub-svac.org\/wp-content\/uploads\/2018\/12\/IMG_4427-800x500.jpg\" height=\"500\" width=\"800\" alt=\"\" class=\"slider-30 slide-331\" \/><\/a><\/li>\n                <li style=\"display: none; width: 100%;\" class=\"slide-326 ms-image\"><a href=\"http:\/\/lionsclub-svac.org\/?p=327\" target=\"_self\"><img src=\"http:\/\/lionsclub-svac.org\/wp-content\/uploads\/2018\/10\/une-note-pour-ecole-A4-800x500.jpg\" height=\"500\" width=\"800\" alt=\"\" class=\"slider-30 slide-326\" \/><\/a><div class=\"caption-wrap\"><div class=\"caption\">\"Une note pour une \u00e9cole\" - Soir\u00e9e \u00e9v\u00e9nement le 09 novembre 2018 \u00e0 Ville d'Avray.<\/div><\/div><\/li>\n                <li style=\"display: none; width: 100%;\" class=\"slide-190 ms-image\"><a href=\"http:\/\/lionsclub-svac.org\/?p=286\" target=\"_self\"><img src=\"http:\/\/lionsclub-svac.org\/wp-content\/uploads\/2016\/09\/C\u00e9l\u00e9bration-du-centenaire-800x500.png\" height=\"500\" width=\"800\" alt=\"\" class=\"slider-30 slide-190\" \/><\/a><\/li>\n                <li style=\"display: none; width: 100%;\" class=\"slide-324 ms-image\"><a href=\"http:\/\/lionsclub-svac.org\/?p=320\" target=\"_self\"><img src=\"http:\/\/lionsclub-svac.org\/wp-content\/uploads\/2018\/03\/maternit\u00e9-800x500.jpg\" height=\"500\" width=\"800\" alt=\"\" class=\"slider-30 slide-324\" \/><\/a><\/li>\n                <li style=\"display: none; width: 100%;\" class=\"slide-285 ms-image\"><a href=\"http:\/\/lionsclub-svac.org\/?p=286\" target=\"_self\"><img src=\"http:\/\/lionsclub-svac.org\/wp-content\/uploads\/2017\/12\/IMG_0025-800x500.jpg\" height=\"500\" width=\"800\" alt=\"\" class=\"slider-30 slide-285\" \/><\/a><\/li>\n                <li style=\"display: none; width: 100%;\" class=\"slide-284 ms-image\"><a href=\"http:\/\/lionsclub-svac.org\/?p=286\" target=\"_self\"><img src=\"http:\/\/lionsclub-svac.org\/wp-content\/uploads\/2017\/12\/IMG_0057-800x500.jpg\" height=\"500\" width=\"800\" alt=\"\" class=\"slider-30 slide-284\" \/><\/a><\/li>\n                <li style=\"display: none; width: 100%;\" class=\"slide-304 ms-image\"><a href=\"http:\/\/lionsclub-svac.org\/?p=302\" target=\"_self\"><img src=\"http:\/\/lionsclub-svac.org\/wp-content\/uploads\/2018\/02\/Concert-Lions-Club-R\u00e9mi-Hostekind_1471-800x500.jpg\" height=\"500\" width=\"800\" alt=\"\" class=\"slider-30 slide-304\" \/><\/a><\/li>\n            <\/ul>\n        <\/div>\n        \n    <\/div>\n<\/div>\n","protected":false},"excerpt":{"rendered":"","protected":false},"author":1,"featured_media":0,"parent":0,"menu_order":0,"comment_status":"closed","ping_status":"closed","template":"full-width-page.php","meta":{"ngg_post_thumbnail":0},"_links":{"self":[{"href":"http:\/\/lionsclub-svac.org\/index.php?rest_route=\/wp\/v2\/pages\/36"}],"collection":[{"href":"http:\/\/lionsclub-svac.org\/index.php?rest_route=\/wp\/v2\/pages"}],"about":[{"href":"http:\/\/lionsclub-svac.org\/index.php?rest_route=\/wp\/v2\/types\/page"}],"author":[{"embeddable":true,"href":"http:\/\/lionsclub-svac.org\/index.php?rest_route=\/wp\/v2\/users\/1"}],"replies":[{"embeddable":true,"href":"http:\/\/lionsclub-svac.org\/index.php?rest_route=%2Fwp%2Fv2%2Fcomments&post=36"}],"version-history":[{"count":5,"href":"http:\/\/lionsclub-svac.org\/index.php?rest_route=\/wp\/v2\/pages\/36\/revisions"}],"predecessor-version":[{"id":160,"href":"http:\/\/lionsclub-svac.org\/index.php?rest_route=\/wp\/v2\/pages\/36\/revisions\/160"}],"wp:attachment":[{"href":"http:\/\/lionsclub-svac.org\/index.php?rest_route=%2Fwp%2Fv2%2Fmedia&parent=36"}],"curies":[{"name":"wp","href":"https:\/\/api.w.org\/{rel}","templated":true}]}}