{"id":2,"date":"2014-10-05T19:36:29","date_gmt":"2014-10-05T19:36:29","guid":{"rendered":"http:\/\/lionsclub-svac.org\/?page_id=2"},"modified":"2017-05-26T10:23:14","modified_gmt":"2017-05-26T10:23:14","slug":"sample-page","status":"publish","type":"page","link":"http:\/\/lionsclub-svac.org\/?page_id=2","title":{"rendered":"Contactez-nous"},"content":{"rendered":"<p>Une question ou une envie de nous \u00e9crire ? De nous aider ? De nous rejoindre ? N&rsquo;h\u00e9sitez pas une minutes de plus. Utilisez ce formulaire pour entrer en contact avec nous. A tr\u00e8s vite !<\/p>\n<p>&nbsp;<\/p>\n        <script type=\"text\/javascript\">\n         function cp_contactformtoemail_pform_doValidate_1(form)\n         {\n            document.cp_contactformtoemail_pform_1.cp_ref_page.value = document.location;\n            $dexQuery = jQuery.noConflict();            if (document.cp_contactformtoemail_pform_1.hdcaptcha_cp_contactformtoemail_post.value == '') { setTimeout( \"cp_contactformtoemail_cerror_1()\", 100); return false; }\n            var result = $dexQuery.ajax({ type: \"GET\", url: \"\/?ps=_1&cp_contactformtoemail_pform_process=2&cp_contactformtoemail_id=1&inAdmin=1&ps=_1&hdcaptcha_cp_contactformtoemail_post=\"+document.cp_contactformtoemail_pform_1.hdcaptcha_cp_contactformtoemail_post.value, async: false }).responseText;\n            if (result.indexOf(\"captchafailed\") != -1) {\n                $dexQuery(\"#captchaimg_1\").attr('src', $dexQuery(\"#captchaimg_1\").attr('src')+'&'+Math.floor((Math.random() * 99999) + 1));\n                setTimeout( \"cp_contactformtoemail_cerror_1()\", 100);\n                return false;\n            } else             {\n                var cpefb_error = 0;\n                $dexQuery(\"#cp_contactformtoemail_pform_1\").find(\".cpefb_error\").each(function(index){\n                    if ($dexQuery(this).css(\"display\")!=\"none\")\n                        cpefb_error++;\n                    });\n                if (cpefb_error) return false;\n                if (document.cp_contactformtoemail_pform_1.cp_contactformtoemail_pform_status.value != '0')\n                           return false;\n                document.getElementById(\"refpage_1\").value = document.location;\n                cfte_blink(\".pbSubmit\");\n                document.cp_contactformtoemail_pform_1.cp_contactformtoemail_pform_status.value = '2';return true;            }\n         }\n         function cfte_blink(selector){\n                 try {\n                     $dexQuery = jQuery.noConflict();\n                     $dexQuery(selector).fadeOut(700, function(){\n                         $dexQuery(this).fadeIn(700, function(){\n                             try {\n                                 if (document.cp_contactformtoemail_pform_1.cp_contactformtoemail_pform_status.value != '0')\n                                     cfte_blink(this);\n                             } catch (e) {}\n                         });\n                     });\n                 } catch (e) {}\n         }\n         function cp_contactformtoemail_cerror_1(){$dexQuery = jQuery.noConflict();$dexQuery(\"#hdcaptcha_error_1\").css('top',$dexQuery(\"#hdcaptcha_cp_contactformtoemail_post_1\").outerHeight());$dexQuery(\"#hdcaptcha_error_1\").css(\"display\",\"inline\");}\n        <\/script>\n        <div id=\"cftedialog\" style=\"display:none;\"><\/div>\n        <form class=\"cpp_form\" name=\"cp_contactformtoemail_pform_1\" id=\"cp_contactformtoemail_pform_1\" action=\"\" method=\"post\" enctype=\"multipart\/form-data\" onsubmit=\"return cp_contactformtoemail_pform_doValidate_1(this);\"><input type=\"hidden\" name=\"cp_pform_psequence\" value=\"_1\" \/><input type=\"hidden\" name=\"cp_contactformtoemail_pform_process\" value=\"1\" \/><input type=\"hidden\" name=\"cp_contactformtoemail_id\" value=\"1\" \/><input type=\"hidden\" name=\"cp_ref_page\" value=\"\" \/><input type=\"hidden\" name=\"form_structure_1\" id=\"form_structure_1\" size=\"180\" value=\"[[{&quot;name&quot;:&quot;fieldname1&quot;,&quot;index&quot;:0,&quot;title&quot;:&quot;Nom&quot;,&quot;required&quot;:true,&quot;shortlabel&quot;:&quot;&quot;,&quot;ftype&quot;:&quot;ftext&quot;,&quot;userhelp&quot;:&quot;&quot;,&quot;userhelpTooltip&quot;:false,&quot;csslayout&quot;:&quot;&quot;,&quot;predefined&quot;:&quot;&quot;,&quot;predefinedClick&quot;:false,&quot;size&quot;:&quot;medium&quot;,&quot;minlength&quot;:&quot;&quot;,&quot;maxlength&quot;:&quot;&quot;,&quot;equalTo&quot;:&quot;&quot;},{&quot;name&quot;:&quot;fieldname2&quot;,&quot;index&quot;:1,&quot;title&quot;:&quot;Pr\\u00e9nom&quot;,&quot;required&quot;:true,&quot;shortlabel&quot;:&quot;&quot;,&quot;ftype&quot;:&quot;ftext&quot;,&quot;userhelp&quot;:&quot;&quot;,&quot;userhelpTooltip&quot;:false,&quot;csslayout&quot;:&quot;&quot;,&quot;predefined&quot;:&quot;&quot;,&quot;predefinedClick&quot;:false,&quot;size&quot;:&quot;medium&quot;,&quot;minlength&quot;:&quot;&quot;,&quot;maxlength&quot;:&quot;&quot;,&quot;equalTo&quot;:&quot;&quot;},{&quot;name&quot;:&quot;email&quot;,&quot;index&quot;:2,&quot;title&quot;:&quot;Adresse email&quot;,&quot;ftype&quot;:&quot;femail&quot;,&quot;userhelp&quot;:&quot;&quot;,&quot;csslayout&quot;:&quot;&quot;,&quot;required&quot;:true,&quot;predefined&quot;:&quot;&quot;,&quot;size&quot;:&quot;medium&quot;,&quot;shortlabel&quot;:&quot;&quot;,&quot;userhelpTooltip&quot;:false,&quot;predefinedClick&quot;:false,&quot;equalTo&quot;:&quot;&quot;},{&quot;name&quot;:&quot;fieldname3&quot;,&quot;index&quot;:3,&quot;title&quot;:&quot;Num\\u00e9ro de t\\u00e9l\\u00e9phone&quot;,&quot;required&quot;:true,&quot;minlength&quot;:&quot;10&quot;,&quot;shortlabel&quot;:&quot;&quot;,&quot;ftype&quot;:&quot;ftext&quot;,&quot;userhelp&quot;:&quot;&quot;,&quot;userhelpTooltip&quot;:false,&quot;csslayout&quot;:&quot;&quot;,&quot;predefined&quot;:&quot;&quot;,&quot;predefinedClick&quot;:false,&quot;size&quot;:&quot;medium&quot;,&quot;maxlength&quot;:&quot;&quot;,&quot;equalTo&quot;:&quot;&quot;},{&quot;name&quot;:&quot;fieldname4&quot;,&quot;index&quot;:4,&quot;shortlabel&quot;:&quot;Votre commune de domiciliation ou de travail.&quot;,&quot;title&quot;:&quot;Localisation&quot;,&quot;size&quot;:&quot;large&quot;,&quot;ftype&quot;:&quot;ftext&quot;,&quot;userhelp&quot;:&quot;&quot;,&quot;userhelpTooltip&quot;:false,&quot;csslayout&quot;:&quot;&quot;,&quot;predefined&quot;:&quot;&quot;,&quot;predefinedClick&quot;:false,&quot;required&quot;:false,&quot;minlength&quot;:&quot;&quot;,&quot;maxlength&quot;:&quot;&quot;,&quot;equalTo&quot;:&quot;&quot;},{&quot;name&quot;:&quot;message&quot;,&quot;index&quot;:5,&quot;size&quot;:&quot;large&quot;,&quot;required&quot;:true,&quot;title&quot;:&quot;Message&quot;,&quot;ftype&quot;:&quot;ftextarea&quot;,&quot;userhelp&quot;:&quot;&quot;,&quot;csslayout&quot;:&quot;&quot;,&quot;predefined&quot;:&quot;&quot;,&quot;shortlabel&quot;:&quot;&quot;,&quot;userhelpTooltip&quot;:false,&quot;predefinedClick&quot;:false,&quot;minlength&quot;:&quot;&quot;,&quot;maxlength&quot;:&quot;&quot;}],[{&quot;title&quot;:&quot;&quot;,&quot;description&quot;:&quot;&quot;,&quot;formlayout&quot;:&quot;top_aligned&quot;}]]\" \/><input type=\"hidden\" name=\"refpage_1\" id=\"refpage_1\" value=\"\"><input type=\"hidden\" name=\"cp_contactformtoemail_pform_status\" value=\"0\" \/><input name=\"anonce\" type=\"hidden\" value=\"242756c421\"\/><input name=\"cftehp\" id=\"cftehp_1\" type=\"hidden\" value=\"1\"\/>\r\n<div id=\"fbuilder\">    \r\n    <div id=\"fbuilder_1\">\r\n        <div id=\"formheader_1\"><\/div>\r\n        <div id=\"fieldlist_1\"><\/div>\r\n    <\/div>\r\n<\/div>    \r\n<div style=\"display:none\">\r\n<input name=\"cftecontrolmessage\" type=\"text\" value=\"\"\/> \r\n<div id=\"cpcaptchalayer_1\" class=\"cpcaptchalayer\">\r\n  Code de s\u00e9curit\u00e9:<br \/>\r\n  <img src=\"\/?cp_contactformtoemail_captcha=captcha&ps=_1&inAdmin=1&width=300&height=80&letter_count=5&min_size=25&max_size=35&noise=50&noiselength=4&bcolor=ffffff&border=000000&font=font-3.ttf\"  id=\"captchaimg_1\" alt=\"security code\" border=\"0\" class=\"skip-lazy\"  \/>\r\n  <br \/>Merci d'entrer le code de s\u00e9curit\u00e9:<br \/>\r\n  <div class=\"dfield\"><input type=\"text\" size=\"20\" name=\"hdcaptcha_cp_contactformtoemail_post\" id=\"hdcaptcha_cp_contactformtoemail_post_1\" value=\"\" \/>\r\n  <div class=\"cpefb_error message\" id=\"hdcaptcha_error_1\" generated=\"true\" style=\"display:none;position: absolute; left: 0px; top: 25px;\">Se il vous plait entrer un code captcha valide.<\/div>\r\n  <\/div><br \/>  \r\n<\/div>\r\n<\/div>\r\n<div id=\"cp_subbtn_1\" class=\"cp_subbtn\">Envoyer<\/div>\r\n<\/form>\r\n<script>\r\ntry{document.getElementById(\"cftehp_1\").value=\"25\";}catch(e){}\r\n<\/script>\r\n\n<p>&nbsp;<\/p>\n<p>&nbsp;<\/p>\n","protected":false},"excerpt":{"rendered":"<p>Une question ou une envie de nous \u00e9crire ? De nous aider ? De nous rejoindre ? N&rsquo;h\u00e9sitez pas une minutes de plus. Utilisez ce formulaire pour entrer en contact avec nous. A tr\u00e8s vite ! &nbsp; &nbsp; &nbsp;<\/p>\n","protected":false},"author":1,"featured_media":0,"parent":0,"menu_order":0,"comment_status":"closed","ping_status":"closed","template":"","meta":{"ngg_post_thumbnail":0},"_links":{"self":[{"href":"http:\/\/lionsclub-svac.org\/index.php?rest_route=\/wp\/v2\/pages\/2"}],"collection":[{"href":"http:\/\/lionsclub-svac.org\/index.php?rest_route=\/wp\/v2\/pages"}],"about":[{"href":"http:\/\/lionsclub-svac.org\/index.php?rest_route=\/wp\/v2\/types\/page"}],"author":[{"embeddable":true,"href":"http:\/\/lionsclub-svac.org\/index.php?rest_route=\/wp\/v2\/users\/1"}],"replies":[{"embeddable":true,"href":"http:\/\/lionsclub-svac.org\/index.php?rest_route=%2Fwp%2Fv2%2Fcomments&post=2"}],"version-history":[{"count":5,"href":"http:\/\/lionsclub-svac.org\/index.php?rest_route=\/wp\/v2\/pages\/2\/revisions"}],"predecessor-version":[{"id":249,"href":"http:\/\/lionsclub-svac.org\/index.php?rest_route=\/wp\/v2\/pages\/2\/revisions\/249"}],"wp:attachment":[{"href":"http:\/\/lionsclub-svac.org\/index.php?rest_route=%2Fwp%2Fv2%2Fmedia&parent=2"}],"curies":[{"name":"wp","href":"https:\/\/api.w.org\/{rel}","templated":true}]}}