{"id":19,"date":"2014-12-09T22:38:49","date_gmt":"2014-12-09T22:38:49","guid":{"rendered":"http:\/\/lionsclub-svac.org\/?page_id=19"},"modified":"2015-01-25T15:51:36","modified_gmt":"2015-01-25T15:51:36","slug":"le-club","status":"publish","type":"page","link":"http:\/\/lionsclub-svac.org\/?page_id=19","title":{"rendered":"Notre club"},"content":{"rendered":"<h3><img decoding=\"async\" loading=\"lazy\" class=\" wp-image-91 size-full alignleft\" src=\"http:\/\/lionsclub-svac.org\/wp-content\/uploads\/2015\/01\/Screen-Shot-2015-01-25-at-4.44.39-PM.png\" alt=\"Screen Shot 2015-01-25 at 4.44.39 PM\" width=\"322\" height=\"583\" srcset=\"http:\/\/lionsclub-svac.org\/wp-content\/uploads\/2015\/01\/Screen-Shot-2015-01-25-at-4.44.39-PM.png 322w, http:\/\/lionsclub-svac.org\/wp-content\/uploads\/2015\/01\/Screen-Shot-2015-01-25-at-4.44.39-PM-166x300.png 166w\" sizes=\"(max-width: 322px) 100vw, 322px\" \/>Le LIONS club\u00a0S\u00e8vres &#8211; Ville d\u2019Avray<\/h3>\n<div class=\"page\" title=\"Page 2\">\n<div class=\"section\">\n<div class=\"layoutArea\">\n<div class=\"column\">\n<p>Cr\u00e9\u00e9 en 1958,\u00a0il est compos\u00e9 de membres actifs et disponibles, engag\u00e9s concr\u00e8tement dans des actions humanitaires, sociales et culturelles.<\/p>\n<h3>Nos valeurs<\/h3>\n<p>Nous d\u00e9finissons nos actions au cours de r\u00e9unions conviviales, o\u00f9 nous partageons des valeurs d\u2019amiti\u00e9 et de solidarit\u00e9.<br \/>\nNos diversit\u00e9s socioculturelles permettent \u00e0 chacun d\u2019\u00e9largir sa vision de la soci\u00e9t\u00e9.<\/p>\n<h3>Que\u00a0faisons nous ?<\/h3>\n<p>Nous visons \u00e0 l\u2019\u00e9panouissement de la personne humaine. Nous d\u00e9veloppons de multiples op\u00e9rations locales, nationales et internationales dans\u00a0le domaine du savoir, de l\u2019\u00e9ducation et de la culture.<\/p>\n<h3>Notre financement<\/h3>\n<p>Nous finan\u00e7ons nos multiples actions en organisant des op\u00e9rations men\u00e9es par nous-m\u00eames.<\/p>\n<p>La totalit\u00e9 des r\u00e9sultats financiers de ces manifestations est affect\u00e9e aux oeuvres d\u00e9finies au pr\u00e9alable.<\/p>\n<p><a href=\"http:\/\/lionsclub-svac.org\/wp-content\/uploads\/2015\/01\/Triptyque-SVA.pdf\">T\u00e9l\u00e9chargez ici le triptyque du Club S\u00e8vres Ville d&rsquo;Avray<\/a><\/p>\n<\/div>\n<\/div>\n<\/div>\n<\/div>\n","protected":false},"excerpt":{"rendered":"<p>Le LIONS club\u00a0S\u00e8vres &#8211; Ville d\u2019Avray Cr\u00e9\u00e9 en 1958,\u00a0il est compos\u00e9 de membres actifs et disponibles, engag\u00e9s concr\u00e8tement dans des actions humanitaires, sociales et culturelles. Nos valeurs Nous d\u00e9finissons nos actions au cours de r\u00e9unions conviviales, o\u00f9 nous partageons des<span class=\"ellipsis\">&hellip;<\/span><\/p>\n<div class=\"read-more\"><a href=\"http:\/\/lionsclub-svac.org\/?page_id=19\">Lire la suite &#8250;<\/a><\/div>\n<p><!-- end of .read-more --><\/p>\n","protected":false},"author":1,"featured_media":0,"parent":0,"menu_order":0,"comment_status":"closed","ping_status":"open","template":"","meta":{"ngg_post_thumbnail":0},"_links":{"self":[{"href":"http:\/\/lionsclub-svac.org\/index.php?rest_route=\/wp\/v2\/pages\/19"}],"collection":[{"href":"http:\/\/lionsclub-svac.org\/index.php?rest_route=\/wp\/v2\/pages"}],"about":[{"href":"http:\/\/lionsclub-svac.org\/index.php?rest_route=\/wp\/v2\/types\/page"}],"author":[{"embeddable":true,"href":"http:\/\/lionsclub-svac.org\/index.php?rest_route=\/wp\/v2\/users\/1"}],"replies":[{"embeddable":true,"href":"http:\/\/lionsclub-svac.org\/index.php?rest_route=%2Fwp%2Fv2%2Fcomments&post=19"}],"version-history":[{"count":9,"href":"http:\/\/lionsclub-svac.org\/index.php?rest_route=\/wp\/v2\/pages\/19\/revisions"}],"predecessor-version":[{"id":96,"href":"http:\/\/lionsclub-svac.org\/index.php?rest_route=\/wp\/v2\/pages\/19\/revisions\/96"}],"wp:attachment":[{"href":"http:\/\/lionsclub-svac.org\/index.php?rest_route=%2Fwp%2Fv2%2Fmedia&parent=19"}],"curies":[{"name":"wp","href":"https:\/\/api.w.org\/{rel}","templated":true}]}}