{"id":156,"date":"2016-09-03T09:06:03","date_gmt":"2016-09-03T09:06:03","guid":{"rendered":"http:\/\/lionsclub-svac.org\/?page_id=156"},"modified":"2016-09-03T09:06:03","modified_gmt":"2016-09-03T09:06:03","slug":"le-bureau-2016-2017","status":"publish","type":"page","link":"http:\/\/lionsclub-svac.org\/?page_id=156","title":{"rendered":"Le bureau 2016 &#8211; 2017"},"content":{"rendered":"<p><strong>Pr\u00e9sident:<\/strong> R\u00e9mi Hostekind<\/p>\n<p><strong>Secretaire:<\/strong> Vincent Rochette<\/p>\n<p><strong>Tr\u00e9sorier:<\/strong> Nathalie Rez\u00e9<\/p>\n<p><strong>Chef du Protocole:\u00a0<\/strong>Mireille Soulairol<\/p>\n<p><strong>Pr\u00e9sidente des effectifs:<\/strong>\u00a0Yvonne Barbier<\/p>\n<p><strong>Communication:<\/strong> Francisco Gomez<\/p>\n<p><strong>Premier vice-pr\u00e9sident:<\/strong>\u00a0Vincent Rochette<\/p>\n<p><strong>Deuxi\u00e8me vice-pr\u00e9sident:<\/strong>\u00a0Patrick T\u00e9tar<\/p>\n<p>&nbsp;<\/p>\n","protected":false},"excerpt":{"rendered":"<p>Pr\u00e9sident: R\u00e9mi Hostekind Secretaire: Vincent Rochette Tr\u00e9sorier: Nathalie Rez\u00e9 Chef du Protocole:\u00a0Mireille Soulairol Pr\u00e9sidente des effectifs:\u00a0Yvonne Barbier Communication: Francisco Gomez Premier vice-pr\u00e9sident:\u00a0Vincent Rochette Deuxi\u00e8me vice-pr\u00e9sident:\u00a0Patrick T\u00e9tar &nbsp;<\/p>\n","protected":false},"author":2,"featured_media":0,"parent":0,"menu_order":0,"comment_status":"closed","ping_status":"closed","template":"","meta":{"ngg_post_thumbnail":0},"_links":{"self":[{"href":"http:\/\/lionsclub-svac.org\/index.php?rest_route=\/wp\/v2\/pages\/156"}],"collection":[{"href":"http:\/\/lionsclub-svac.org\/index.php?rest_route=\/wp\/v2\/pages"}],"about":[{"href":"http:\/\/lionsclub-svac.org\/index.php?rest_route=\/wp\/v2\/types\/page"}],"author":[{"embeddable":true,"href":"http:\/\/lionsclub-svac.org\/index.php?rest_route=\/wp\/v2\/users\/2"}],"replies":[{"embeddable":true,"href":"http:\/\/lionsclub-svac.org\/index.php?rest_route=%2Fwp%2Fv2%2Fcomments&post=156"}],"version-history":[{"count":2,"href":"http:\/\/lionsclub-svac.org\/index.php?rest_route=\/wp\/v2\/pages\/156\/revisions"}],"predecessor-version":[{"id":158,"href":"http:\/\/lionsclub-svac.org\/index.php?rest_route=\/wp\/v2\/pages\/156\/revisions\/158"}],"wp:attachment":[{"href":"http:\/\/lionsclub-svac.org\/index.php?rest_route=%2Fwp%2Fv2%2Fmedia&parent=156"}],"curies":[{"name":"wp","href":"https:\/\/api.w.org\/{rel}","templated":true}]}}