{"id":130,"date":"2015-08-19T19:22:00","date_gmt":"2015-08-19T19:22:00","guid":{"rendered":"http:\/\/lionsclub-svac.org\/?page_id=130"},"modified":"2015-08-19T19:22:16","modified_gmt":"2015-08-19T19:22:16","slug":"le-bureau-2015-2016","status":"publish","type":"page","link":"http:\/\/lionsclub-svac.org\/?page_id=130","title":{"rendered":"Le bureau 2015-2016"},"content":{"rendered":"<h2><strong>Pr\u00e9sident<\/strong>:\u00a0Yvonne Barbier<\/h2>\n<p><strong>Secretaire<\/strong>:\u00a0Francisco Gomez<\/p>\n<p><strong>Tr\u00e9sorier<\/strong>: Patrick T\u00e9tar<\/p>\n<p><strong>Chef du Protocole:\u00a0<\/strong>Vincent Rochette<\/p>\n<p><strong>Pr\u00e9sident des effectifs:\u00a0<\/strong>Yves le Palec<\/p>\n<p><strong>Communication<\/strong>: Vincent Rochette \u00a0R\u00e9mi Hostekind<\/p>\n<h2>Les vice-presidents.<\/h2>\n<p><strong>Premier vice-pr\u00e9sident<\/strong>: R\u00e9mi Hostekind<\/p>\n<p><strong>Deuxi\u00e8me\u00a0vice-pr\u00e9sident<\/strong>:\u00a0Vincent Rochette<\/p>\n<h2>Les commissions et leurs d\u00e9l\u00e9gu\u00e9s.<\/h2>\n<p><strong>Humanitaire<\/strong>: Mireille Soulairol, Nathalie R\u00e9z\u00e9<\/p>\n<p><strong>EME<\/strong>: \u00a0Jean-Pierre Hascoet, Yves le Palec<\/p>\n<p><strong>Communication<\/strong>: Vincent Rochette et R\u00e9mi Hostekind<\/p>\n<p><strong>F\u00eate des \u00e9tangs<\/strong>: (d\u00e9l\u00e9gu\u00e9 non d\u00e9sign\u00e9)<\/p>\n<p><strong>T\u00e9l\u00e9thon<\/strong>:\u00a0Mireille Soulairol, Patrick T\u00e9tar<\/p>\n<p><strong>Jeunesse: <\/strong>Nathalie R\u00e9z\u00e9<\/p>\n<p><strong>Finance<\/strong>: Patrick T\u00e9tar<\/p>\n","protected":false},"excerpt":{"rendered":"<p>Pr\u00e9sident:\u00a0Yvonne Barbier Secretaire:\u00a0Francisco Gomez Tr\u00e9sorier: Patrick T\u00e9tar Chef du Protocole:\u00a0Vincent Rochette Pr\u00e9sident des effectifs:\u00a0Yves le Palec Communication: Vincent Rochette \u00a0R\u00e9mi Hostekind Les vice-presidents. Premier vice-pr\u00e9sident: R\u00e9mi Hostekind Deuxi\u00e8me\u00a0vice-pr\u00e9sident:\u00a0Vincent Rochette Les commissions et leurs d\u00e9l\u00e9gu\u00e9s. Humanitaire: Mireille Soulairol, Nathalie R\u00e9z\u00e9 EME:<span class=\"ellipsis\">&hellip;<\/span><\/p>\n<div class=\"read-more\"><a href=\"http:\/\/lionsclub-svac.org\/?page_id=130\">Lire la suite &#8250;<\/a><\/div>\n<p><!-- end of .read-more --><\/p>\n","protected":false},"author":1,"featured_media":0,"parent":0,"menu_order":0,"comment_status":"closed","ping_status":"closed","template":"","meta":{"ngg_post_thumbnail":0},"_links":{"self":[{"href":"http:\/\/lionsclub-svac.org\/index.php?rest_route=\/wp\/v2\/pages\/130"}],"collection":[{"href":"http:\/\/lionsclub-svac.org\/index.php?rest_route=\/wp\/v2\/pages"}],"about":[{"href":"http:\/\/lionsclub-svac.org\/index.php?rest_route=\/wp\/v2\/types\/page"}],"author":[{"embeddable":true,"href":"http:\/\/lionsclub-svac.org\/index.php?rest_route=\/wp\/v2\/users\/1"}],"replies":[{"embeddable":true,"href":"http:\/\/lionsclub-svac.org\/index.php?rest_route=%2Fwp%2Fv2%2Fcomments&post=130"}],"version-history":[{"count":3,"href":"http:\/\/lionsclub-svac.org\/index.php?rest_route=\/wp\/v2\/pages\/130\/revisions"}],"predecessor-version":[{"id":133,"href":"http:\/\/lionsclub-svac.org\/index.php?rest_route=\/wp\/v2\/pages\/130\/revisions\/133"}],"wp:attachment":[{"href":"http:\/\/lionsclub-svac.org\/index.php?rest_route=%2Fwp%2Fv2%2Fmedia&parent=130"}],"curies":[{"name":"wp","href":"https:\/\/api.w.org\/{rel}","templated":true}]}}