{"id":13,"date":"2014-12-09T22:35:03","date_gmt":"2014-12-09T22:35:03","guid":{"rendered":"http:\/\/lionsclub-svac.org\/?page_id=13"},"modified":"2015-01-25T15:26:11","modified_gmt":"2015-01-25T15:26:11","slug":"jean-mayodon","status":"publish","type":"page","link":"http:\/\/lionsclub-svac.org\/?page_id=13","title":{"rendered":"Jean Mayodon"},"content":{"rendered":"<h2>Biographie de Jean Mayodon<\/h2>\n<div id=\"attachment_15\" style=\"width: 157px\" class=\"wp-caption alignleft\"><a href=\"http:\/\/lionsclub-svac.org\/wp-content\/uploads\/2014\/12\/jeanmayodon1.jpg\"><img aria-describedby=\"caption-attachment-15\" decoding=\"async\" loading=\"lazy\" class=\"wp-image-15 size-full\" src=\"http:\/\/lionsclub-svac.org\/wp-content\/uploads\/2014\/12\/jeanmayodon1.jpg\" alt=\"Jean Mayodon\" width=\"147\" height=\"200\" \/><\/a><p id=\"caption-attachment-15\" class=\"wp-caption-text\">Jean Mayodon<\/p><\/div>\n<p>Jean Mayodon, n\u00e9 \u00e0 S\u00e8vres en 1893 et mort \u00e0 Paris en 1967, est consid\u00e9r\u00e9 aujourd&rsquo;hui comme un des plus grands c\u00e9ramistes de son temps.<\/p>\n<h3>Histoire<\/h3>\n<p>Fortement inspir\u00e9 par des arts hindous et persans, il produisit une c\u00e9ramique \u00e0 d\u00e9cor figuratif, dans le go\u00fbt antique, caract\u00e9ris\u00e9e par la pratique de la fa\u00efence stannif\u00e8re \u00e0 \u00ab\u00a0feu d\u2019or\u00a0\u00bb. Il r\u00e9alisa des \u0153uvres monumentales (panneaux d\u00e9coratifs, sculptures, fontaines, chemin\u00e9es) d\u2019une qualit\u00e9 irr\u00e9prochable. Il am\u00e9nagea lui-m\u00eame ses fours et parfit ses connaissances en chimie pour r\u00e9aliser des pi\u00e8ces aux oxydes color\u00e9s, parcourues d\u2019un r\u00e9seau d\u2019or leur conf\u00e9rant un aspect pr\u00e9cieux. Il fut sollicit\u00e9 pour de nombreuses commandes officielles.<\/p>\n<div id=\"attachment_14\" style=\"width: 560px\" class=\"wp-caption alignright\"><a href=\"http:\/\/lionsclub-svac.org\/wp-content\/uploads\/2014\/12\/Jean-Mayodon-in-his-Atelier-in-Sevres-c.1960.jpg\"><img aria-describedby=\"caption-attachment-14\" decoding=\"async\" loading=\"lazy\" class=\"wp-image-14 size-large\" src=\"http:\/\/lionsclub-svac.org\/wp-content\/uploads\/2014\/12\/Jean-Mayodon-in-his-Atelier-in-Sevres-c.1960-1024x715.jpg\" alt=\"Jean Mayodon dans son atelier de S\u00e8vres.\" width=\"550\" height=\"384\" srcset=\"http:\/\/lionsclub-svac.org\/wp-content\/uploads\/2014\/12\/Jean-Mayodon-in-his-Atelier-in-Sevres-c.1960-1024x715.jpg 1024w, http:\/\/lionsclub-svac.org\/wp-content\/uploads\/2014\/12\/Jean-Mayodon-in-his-Atelier-in-Sevres-c.1960-300x209.jpg 300w, http:\/\/lionsclub-svac.org\/wp-content\/uploads\/2014\/12\/Jean-Mayodon-in-his-Atelier-in-Sevres-c.1960.jpg 1266w\" sizes=\"(max-width: 550px) 100vw, 550px\" \/><\/a><p id=\"caption-attachment-14\" class=\"wp-caption-text\">Jean Mayodon dans son atelier de S\u00e8vres.<\/p><\/div>\n<p>Originaire de S\u00e8vres, o\u00f9 il vit et travaille dans son atelier personnel presque toute sa vie, Mayodon est nomm\u00e9, de 1934 \u00e0 1939, conseiller artistique \u00e0 la Manufacture., puis directeur artistique en 1941\/1942. Pendant cette courte p\u00e9riode, il cr\u00e9e pour la Manufacture plus de quatre vingt formes de vases. S\u2019il abandonne alors la fa\u00efence, son mat\u00e9riau de pr\u00e9dilection, pour la porcelaine, il reste fid\u00e8le dans les d\u00e9cors \u00e0 sa principale source d\u2019inspiration : une Antiquit\u00e9 forte et joyeuse \u00e9voqu\u00e9e par des rondes de tritons et de sir\u00e8nes, de danseuses, de h\u00e9ros et de dieux. La production personnelle de Mayodon comprend aussi des \u0153uvres de grande taille : fontaines, sculptures, panneaux d\u00e9coratifs\u2026destin\u00e9es \u00e0 des demeures de particuliers, \u00e0 des b\u00e2timents officiels ou \u00e0 de grands paquebots.<\/p>\n<p>Ses \u0153uvres connaissent actuellement un engouement tr\u00e8s m\u00e9rit\u00e9 car il est l\u2019un des plus grands c\u00e9ramistes de son temps.<\/p>\n<p>Enfin, pour le paquebot France, la Compagnie G\u00e9n\u00e9rale Transatlantique confie \u00e0 Jean Mayodon la r\u00e9alisation de la fontaine de la piscine 1\u00e8re classe? Il est \u00e9galement charg\u00e9 d&rsquo;apporter sa touche personnelle \u00e0 la d\u00e9coration de l&rsquo;appartement NORMANDIE (deux sculptures jumelles \u00ab\u00a0Sir\u00e8ne et Triton\u00a0\u00bb r\u00e9alis\u00e9es en c\u00e9ramique vert bronze d&rsquo;une hauteur de 47 cm).<br \/>\nSes cendres reposent au cimeti\u00e8re du P\u00e8re-Lachaise.<\/p>\n<h3>Le &lsquo;Mayodon&rsquo;<\/h3>\n<p>Le Mayodon est une c\u00e9ramique unique, symbole du club. R\u00e9alis\u00e9e par Jean Mayodon, membre fondateur du club, elle fait partie du riche patrimoine culturel du club. Il est possible de l&rsquo;admirer aux grandes occasions: intronisations, soir\u00e9es de passation, etc.<a href=\"http:\/\/lionsclub-svac.org\/wp-content\/uploads\/2014\/12\/mayodon.png\"><img decoding=\"async\" loading=\"lazy\" class=\"aligncenter wp-image-17 size-medium\" src=\"http:\/\/lionsclub-svac.org\/wp-content\/uploads\/2014\/12\/mayodon-196x300.png\" alt=\"mayodon\" width=\"196\" height=\"300\" srcset=\"http:\/\/lionsclub-svac.org\/wp-content\/uploads\/2014\/12\/mayodon-196x300.png 196w, http:\/\/lionsclub-svac.org\/wp-content\/uploads\/2014\/12\/mayodon-671x1024.png 671w, http:\/\/lionsclub-svac.org\/wp-content\/uploads\/2014\/12\/mayodon.png 1718w\" sizes=\"(max-width: 196px) 100vw, 196px\" \/><\/a><\/p>\n","protected":false},"excerpt":{"rendered":"<p>Biographie de Jean Mayodon Jean Mayodon, n\u00e9 \u00e0 S\u00e8vres en 1893 et mort \u00e0 Paris en 1967, est consid\u00e9r\u00e9 aujourd&rsquo;hui comme un des plus grands c\u00e9ramistes de son temps. Histoire Fortement inspir\u00e9 par des arts hindous et persans, il produisit<span class=\"ellipsis\">&hellip;<\/span><\/p>\n<div class=\"read-more\"><a href=\"http:\/\/lionsclub-svac.org\/?page_id=13\">Lire la suite &#8250;<\/a><\/div>\n<p><!-- end of .read-more --><\/p>\n","protected":false},"author":1,"featured_media":0,"parent":0,"menu_order":0,"comment_status":"open","ping_status":"open","template":"","meta":{"ngg_post_thumbnail":0},"_links":{"self":[{"href":"http:\/\/lionsclub-svac.org\/index.php?rest_route=\/wp\/v2\/pages\/13"}],"collection":[{"href":"http:\/\/lionsclub-svac.org\/index.php?rest_route=\/wp\/v2\/pages"}],"about":[{"href":"http:\/\/lionsclub-svac.org\/index.php?rest_route=\/wp\/v2\/types\/page"}],"author":[{"embeddable":true,"href":"http:\/\/lionsclub-svac.org\/index.php?rest_route=\/wp\/v2\/users\/1"}],"replies":[{"embeddable":true,"href":"http:\/\/lionsclub-svac.org\/index.php?rest_route=%2Fwp%2Fv2%2Fcomments&post=13"}],"version-history":[{"count":3,"href":"http:\/\/lionsclub-svac.org\/index.php?rest_route=\/wp\/v2\/pages\/13\/revisions"}],"predecessor-version":[{"id":79,"href":"http:\/\/lionsclub-svac.org\/index.php?rest_route=\/wp\/v2\/pages\/13\/revisions\/79"}],"wp:attachment":[{"href":"http:\/\/lionsclub-svac.org\/index.php?rest_route=%2Fwp%2Fv2%2Fmedia&parent=13"}],"curies":[{"name":"wp","href":"https:\/\/api.w.org\/{rel}","templated":true}]}}