{"id":11,"date":"2014-12-09T22:07:46","date_gmt":"2014-12-09T22:07:46","guid":{"rendered":"http:\/\/lionsclub-svac.org\/?page_id=11"},"modified":"2015-01-25T15:55:48","modified_gmt":"2015-01-25T15:55:48","slug":"le-bureau-2014-2015","status":"publish","type":"page","link":"http:\/\/lionsclub-svac.org\/?page_id=11","title":{"rendered":"Le bureau 2014-2015"},"content":{"rendered":"<h2><strong>Pr\u00e9sident<\/strong>: Yves le Palec<\/h2>\n<p><strong>Premier vice-pr\u00e9sident<\/strong>: Yvonne Barbier<\/p>\n<p><strong>Secretaire<\/strong>: Yvonne Barbier<\/p>\n<p><strong>Protocole et communication<\/strong>: Vincent Rochette<\/p>\n<p><strong>Tr\u00e9sorier<\/strong>: Patrick T\u00e9tar<\/p>\n<p>&nbsp;<\/p>\n<h2>Les commissions et leurs d\u00e9l\u00e9gu\u00e9s.<\/h2>\n<p><strong>Humanisme<\/strong>: Yvonne Barbier<\/p>\n<p><strong>Humanitaire<\/strong>: Christophe Soudon, Francisco Gomez<\/p>\n<p><strong>EME<\/strong>:\u00a0\u00a0Patrick Tetar<\/p>\n<p><strong>Communication<\/strong>: Vincent Rochette<\/p>\n<p><strong>F\u00eate des \u00e9tangs<\/strong>: Michel Ragot<\/p>\n<p><strong>Ethique<\/strong>: Patrick T\u00e9tar<\/p>\n<p><strong>Finance<\/strong>: Patrick T\u00e9tar<\/p>\n","protected":false},"excerpt":{"rendered":"<p>Pr\u00e9sident: Yves le Palec Premier vice-pr\u00e9sident: Yvonne Barbier Secretaire: Yvonne Barbier Protocole et communication: Vincent Rochette Tr\u00e9sorier: Patrick T\u00e9tar &nbsp; Les commissions et leurs d\u00e9l\u00e9gu\u00e9s. Humanisme: Yvonne Barbier Humanitaire: Christophe Soudon, Francisco Gomez EME:\u00a0\u00a0Patrick Tetar Communication: Vincent Rochette F\u00eate des<span class=\"ellipsis\">&hellip;<\/span><\/p>\n<div class=\"read-more\"><a href=\"http:\/\/lionsclub-svac.org\/?page_id=11\">Lire la suite &#8250;<\/a><\/div>\n<p><!-- end of .read-more --><\/p>\n","protected":false},"author":1,"featured_media":0,"parent":0,"menu_order":0,"comment_status":"closed","ping_status":"closed","template":"","meta":{"ngg_post_thumbnail":0},"_links":{"self":[{"href":"http:\/\/lionsclub-svac.org\/index.php?rest_route=\/wp\/v2\/pages\/11"}],"collection":[{"href":"http:\/\/lionsclub-svac.org\/index.php?rest_route=\/wp\/v2\/pages"}],"about":[{"href":"http:\/\/lionsclub-svac.org\/index.php?rest_route=\/wp\/v2\/types\/page"}],"author":[{"embeddable":true,"href":"http:\/\/lionsclub-svac.org\/index.php?rest_route=\/wp\/v2\/users\/1"}],"replies":[{"embeddable":true,"href":"http:\/\/lionsclub-svac.org\/index.php?rest_route=%2Fwp%2Fv2%2Fcomments&post=11"}],"version-history":[{"count":2,"href":"http:\/\/lionsclub-svac.org\/index.php?rest_route=\/wp\/v2\/pages\/11\/revisions"}],"predecessor-version":[{"id":97,"href":"http:\/\/lionsclub-svac.org\/index.php?rest_route=\/wp\/v2\/pages\/11\/revisions\/97"}],"wp:attachment":[{"href":"http:\/\/lionsclub-svac.org\/index.php?rest_route=%2Fwp%2Fv2%2Fmedia&parent=11"}],"curies":[{"name":"wp","href":"https:\/\/api.w.org\/{rel}","templated":true}]}}